{"id":15,"date":"2023-02-23T18:51:14","date_gmt":"2023-02-23T17:51:14","guid":{"rendered":"https:\/\/rebekamaric.com\/?page_id=15"},"modified":"2025-09-29T13:34:01","modified_gmt":"2025-09-29T11:34:01","slug":"storitve","status":"publish","type":"page","link":"https:\/\/rebekamaric.com\/en\/storitve\/","title":{"rendered":"SODELUJVA"},"content":{"rendered":"<div data-elementor-type=\"wp-page\" data-elementor-id=\"15\" class=\"elementor elementor-15\" data-elementor-post-type=\"page\">\n\t\t\t\t<div class=\"elementor-element elementor-element-fbcd3c1 e-flex e-con-boxed e-con e-parent\" data-id=\"fbcd3c1\" data-element_type=\"container\">\n\t\t\t\t\t<div class=\"e-con-inner\">\n\t\t<div class=\"elementor-element elementor-element-9ae1ebe e-con-full e-flex e-con e-child\" data-id=\"9ae1ebe\" data-element_type=\"container\" data-settings=\"{&quot;background_background&quot;:&quot;classic&quot;}\">\n\t\t\t\t<div class=\"elementor-element elementor-element-3a89214 elementor-widget elementor-widget-image\" data-id=\"3a89214\" data-element_type=\"widget\" data-widget_type=\"image.default\">\n\t\t\t\t<div class=\"elementor-widget-container\">\n\t\t\t\t\t\t\t\t\t\t\t\t\t\t\t\t<a href=\"https:\/\/rebekamaric.com\/en\/storitve\/program-1\/\">\n\t\t\t\t\t\t\t<img fetchpriority=\"high\" decoding=\"async\" width=\"900\" height=\"500\" src=\"https:\/\/rebekamaric.com\/wp-content\/uploads\/the-europe-hotel-resort.jpg\" class=\"attachment-large size-large wp-image-1634\" alt=\"\" srcset=\"https:\/\/rebekamaric.com\/wp-content\/uploads\/the-europe-hotel-resort.jpg 900w, https:\/\/rebekamaric.com\/wp-content\/uploads\/the-europe-hotel-resort-768x427.jpg 768w, https:\/\/rebekamaric.com\/wp-content\/uploads\/the-europe-hotel-resort-18x10.jpg 18w, https:\/\/rebekamaric.com\/wp-content\/uploads\/the-europe-hotel-resort-600x333.jpg 600w\" sizes=\"(max-width: 900px) 100vw, 900px\" \/>\t\t\t\t\t\t\t\t<\/a>\n\t\t\t\t\t\t\t\t\t\t\t\t\t\t\t<\/div>\n\t\t\t\t<\/div>\n\t\t\t\t<div class=\"elementor-element elementor-element-9f8cbfe elementor-widget elementor-widget-heading\" data-id=\"9f8cbfe\" data-element_type=\"widget\" data-widget_type=\"heading.default\">\n\t\t\t\t<div class=\"elementor-widget-container\">\n\t\t\t\t\t<h3 class=\"elementor-heading-title elementor-size-default\">The Leading Brands Circle<\/h3>\t\t\t\t<\/div>\n\t\t\t\t<\/div>\n\t\t\t\t<div class=\"elementor-element elementor-element-b1cfcad elementor-widget elementor-widget-text-editor\" data-id=\"b1cfcad\" data-element_type=\"widget\" data-widget_type=\"text-editor.default\">\n\t\t\t\t<div class=\"elementor-widget-container\">\n\t\t\t\t\t\t\t\t\t<p>6-MESE\u010cNI MENTORSKI PROGRAM ZA \u017dENSKE, KI \u017dELIJO SVOJ POSEL NADGRADITI V 5-ZVEZDI\u010cNO IZKU\u0160NJO. Z JASNO VIZIJO, IZPILJENIMI PONUDBAMI IN BRAND-OM, KI STRANKAM OSTANE V SPOMINU.<\/p>\t\t\t\t\t\t\t\t<\/div>\n\t\t\t\t<\/div>\n\t\t\t\t<div class=\"elementor-element elementor-element-e5494b5 elementor-widget elementor-widget-button\" data-id=\"e5494b5\" data-element_type=\"widget\" data-widget_type=\"button.default\">\n\t\t\t\t<div class=\"elementor-widget-container\">\n\t\t\t\t\t\t\t\t\t<div class=\"elementor-button-wrapper\">\n\t\t\t\t\t<a class=\"elementor-button elementor-button-link elementor-size-sm\" href=\"https:\/\/rebekamaric.com\/en\/spletni-program\/\">\n\t\t\t\t\t\t<span class=\"elementor-button-content-wrapper\">\n\t\t\t\t\t\t\t\t\t<span class=\"elementor-button-text\">Preberi ve\u010d<\/span>\n\t\t\t\t\t<\/span>\n\t\t\t\t\t<\/a>\n\t\t\t\t<\/div>\n\t\t\t\t\t\t\t\t<\/div>\n\t\t\t\t<\/div>\n\t\t\t\t<\/div>\n\t\t<div class=\"elementor-element elementor-element-c7323dc e-con-full e-flex e-con e-child\" data-id=\"c7323dc\" data-element_type=\"container\" data-settings=\"{&quot;background_background&quot;:&quot;classic&quot;}\">\n\t\t\t\t<div class=\"elementor-element elementor-element-4d9afb7 elementor-widget elementor-widget-image\" data-id=\"4d9afb7\" data-element_type=\"widget\" data-widget_type=\"image.default\">\n\t\t\t\t<div class=\"elementor-widget-container\">\n\t\t\t\t\t\t\t\t\t\t\t\t\t\t\t\t<a href=\"\/en\/vsebinakipritegne\/\">\n\t\t\t\t\t\t\t<img decoding=\"async\" width=\"1200\" height=\"800\" data-src=\"https:\/\/rebekamaric.com\/wp-content\/uploads\/Artboard-1-12.png\" class=\"attachment-large size-large wp-image-1402 lazyload\" alt=\"\" data-srcset=\"https:\/\/rebekamaric.com\/wp-content\/uploads\/Artboard-1-12.png 1200w, https:\/\/rebekamaric.com\/wp-content\/uploads\/Artboard-1-12-768x512.png 768w, https:\/\/rebekamaric.com\/wp-content\/uploads\/Artboard-1-12-18x12.png 18w, https:\/\/rebekamaric.com\/wp-content\/uploads\/Artboard-1-12-600x400.png 600w\" data-sizes=\"(max-width: 1200px) 100vw, 1200px\" src=\"data:image\/svg+xml;base64,PHN2ZyB3aWR0aD0iMSIgaGVpZ2h0PSIxIiB4bWxucz0iaHR0cDovL3d3dy53My5vcmcvMjAwMC9zdmciPjwvc3ZnPg==\" style=\"--smush-placeholder-width: 1200px; --smush-placeholder-aspect-ratio: 1200\/800;\" \/>\t\t\t\t\t\t\t\t<\/a>\n\t\t\t\t\t\t\t\t\t\t\t\t\t\t\t<\/div>\n\t\t\t\t<\/div>\n\t\t\t\t<div class=\"elementor-element elementor-element-d9a7cca elementor-widget elementor-widget-heading\" data-id=\"d9a7cca\" data-element_type=\"widget\" data-widget_type=\"heading.default\">\n\t\t\t\t<div class=\"elementor-widget-container\">\n\t\t\t\t\t<h3 class=\"elementor-heading-title elementor-size-default\">Vsebina, ki pritegne stranke<\/h3>\t\t\t\t<\/div>\n\t\t\t\t<\/div>\n\t\t\t\t<div class=\"elementor-element elementor-element-ebb9c8f elementor-widget elementor-widget-text-editor\" data-id=\"ebb9c8f\" data-element_type=\"widget\" data-widget_type=\"text-editor.default\">\n\t\t\t\t<div class=\"elementor-widget-container\">\n\t\t\t\t\t\t\t\t\t<p>SPLETNA DELAVNICA ZA MENTORICE, COACHINJE IN USTVARJALKE SPLETNIH TE\u010cAJEV, KI \u017dELIJO, DA NJIHOVE STRANKE RE\u010cEJO: &#8220;TO\u010cNO TO POTREBUJEM&#8221;<\/p>\t\t\t\t\t\t\t\t<\/div>\n\t\t\t\t<\/div>\n\t\t\t\t<div class=\"elementor-element elementor-element-bcc1051 elementor-widget elementor-widget-button\" data-id=\"bcc1051\" data-element_type=\"widget\" data-widget_type=\"button.default\">\n\t\t\t\t<div class=\"elementor-widget-container\">\n\t\t\t\t\t\t\t\t\t<div class=\"elementor-button-wrapper\">\n\t\t\t\t\t<a class=\"elementor-button elementor-button-link elementor-size-sm\" href=\"\/en\/vsebinakipritegne\/\">\n\t\t\t\t\t\t<span class=\"elementor-button-content-wrapper\">\n\t\t\t\t\t\t\t\t\t<span class=\"elementor-button-text\">Preberi ve\u010d<\/span>\n\t\t\t\t\t<\/span>\n\t\t\t\t\t<\/a>\n\t\t\t\t<\/div>\n\t\t\t\t\t\t\t\t<\/div>\n\t\t\t\t<\/div>\n\t\t\t\t<\/div>\n\t\t<div class=\"elementor-element elementor-element-319032b e-con-full e-flex e-con e-child\" data-id=\"319032b\" data-element_type=\"container\" data-settings=\"{&quot;background_background&quot;:&quot;classic&quot;}\">\n\t\t\t\t<div class=\"elementor-element elementor-element-f88d94a elementor-widget elementor-widget-image\" data-id=\"f88d94a\" data-element_type=\"widget\" data-widget_type=\"image.default\">\n\t\t\t\t<div class=\"elementor-widget-container\">\n\t\t\t\t\t\t\t\t\t\t\t\t\t\t\t\t<a href=\"https:\/\/rebekamaric.com\/en\/poletni-program\/\">\n\t\t\t\t\t\t\t<img decoding=\"async\" width=\"1080\" height=\"710\" data-src=\"https:\/\/rebekamaric.com\/wp-content\/uploads\/Artboard-15-2.png\" class=\"attachment-large size-large wp-image-1509 lazyload\" alt=\"\" data-srcset=\"https:\/\/rebekamaric.com\/wp-content\/uploads\/Artboard-15-2.png 1080w, https:\/\/rebekamaric.com\/wp-content\/uploads\/Artboard-15-2-768x505.png 768w, https:\/\/rebekamaric.com\/wp-content\/uploads\/Artboard-15-2-18x12.png 18w, https:\/\/rebekamaric.com\/wp-content\/uploads\/Artboard-15-2-600x394.png 600w\" data-sizes=\"(max-width: 1080px) 100vw, 1080px\" src=\"data:image\/svg+xml;base64,PHN2ZyB3aWR0aD0iMSIgaGVpZ2h0PSIxIiB4bWxucz0iaHR0cDovL3d3dy53My5vcmcvMjAwMC9zdmciPjwvc3ZnPg==\" style=\"--smush-placeholder-width: 1080px; --smush-placeholder-aspect-ratio: 1080\/710;\" \/>\t\t\t\t\t\t\t\t<\/a>\n\t\t\t\t\t\t\t\t\t\t\t\t\t\t\t<\/div>\n\t\t\t\t<\/div>\n\t\t\t\t<div class=\"elementor-element elementor-element-9e7478a elementor-widget elementor-widget-heading\" data-id=\"9e7478a\" data-element_type=\"widget\" data-widget_type=\"heading.default\">\n\t\t\t\t<div class=\"elementor-widget-container\">\n\t\t\t\t\t<h3 class=\"elementor-heading-title elementor-size-default\">Poletni korak v prodajno jesen<\/h3>\t\t\t\t<\/div>\n\t\t\t\t<\/div>\n\t\t\t\t<div class=\"elementor-element elementor-element-ab870b9 elementor-widget elementor-widget-text-editor\" data-id=\"ab870b9\" data-element_type=\"widget\" data-widget_type=\"text-editor.default\">\n\t\t\t\t<div class=\"elementor-widget-container\">\n\t\t\t\t\t\t\t\t\t<p>7-TEDENSKI PROGRAM, KJER V SVOJEM RITMU PRIPRAVI\u0160 JASEN NA\u010cRT ZA SVOJ JESENSKI PROGRAM IN PRITEGNE\u0160 PRAVE STRANKE<\/p>\t\t\t\t\t\t\t\t<\/div>\n\t\t\t\t<\/div>\n\t\t\t\t<div class=\"elementor-element elementor-element-f45cdf8 elementor-widget elementor-widget-button\" data-id=\"f45cdf8\" data-element_type=\"widget\" data-widget_type=\"button.default\">\n\t\t\t\t<div class=\"elementor-widget-container\">\n\t\t\t\t\t\t\t\t\t<div class=\"elementor-button-wrapper\">\n\t\t\t\t\t<a class=\"elementor-button elementor-button-link elementor-size-sm\" href=\"https:\/\/rebekamaric.com\/en\/poletni-program\/\">\n\t\t\t\t\t\t<span class=\"elementor-button-content-wrapper\">\n\t\t\t\t\t\t\t\t\t<span class=\"elementor-button-text\">Preberi ve\u010d<\/span>\n\t\t\t\t\t<\/span>\n\t\t\t\t\t<\/a>\n\t\t\t\t<\/div>\n\t\t\t\t\t\t\t\t<\/div>\n\t\t\t\t<\/div>\n\t\t\t\t<\/div>\n\t\t\t\t\t<\/div>\n\t\t\t\t<\/div>\n\t\t\t\t<\/div>","protected":false},"excerpt":{"rendered":"<p>The Leading Brands Circle 6-MESE\u010cNI MENTORSKI PROGRAM ZA \u017dENSKE, KI \u017dELIJO SVOJ POSEL NADGRADITI V 5-ZVEZDI\u010cNO IZKU\u0160NJO. Z JASNO VIZIJO, IZPILJENIMI PONUDBAMI IN BRAND-OM, KI STRANKAM OSTANE V SPOMINU. Preberi ve\u010d Vsebina, ki pritegne stranke SPLETNA DELAVNICA ZA MENTORICE, COACHINJE IN USTVARJALKE SPLETNIH TE\u010cAJEV, KI \u017dELIJO, DA NJIHOVE STRANKE RE\u010cEJO: &#8220;TO\u010cNO TO POTREBUJEM&#8221; Preberi ve\u010d [&hellip;]<\/p>\n","protected":false},"author":1,"featured_media":0,"parent":0,"menu_order":0,"comment_status":"closed","ping_status":"closed","template":"","meta":{"site-sidebar-layout":"no-sidebar","site-content-layout":"page-builder","ast-site-content-layout":"full-width-container","site-content-style":"unboxed","site-sidebar-style":"unboxed","ast-global-header-display":"","ast-banner-title-visibility":"","ast-main-header-display":"","ast-hfb-above-header-display":"","ast-hfb-below-header-display":"","ast-hfb-mobile-header-display":"","site-post-title":"disabled","ast-breadcrumbs-content":"","ast-featured-img":"disabled","footer-sml-layout":"","ast-disable-related-posts":"","theme-transparent-header-meta":"","adv-header-id-meta":"","stick-header-meta":"","header-above-stick-meta":"","header-main-stick-meta":"","header-below-stick-meta":"","astra-migrate-meta-layouts":"set","ast-page-background-enabled":"default","ast-page-background-meta":{"desktop":{"background-color":"var(--ast-global-color-4)","background-image":"","background-repeat":"repeat","background-position":"center center","background-size":"auto","background-attachment":"scroll","background-type":"","background-media":"","overlay-type":"","overlay-color":"","overlay-opacity":"","overlay-gradient":""},"tablet":{"background-color":"","background-image":"","background-repeat":"repeat","background-position":"center center","background-size":"auto","background-attachment":"scroll","background-type":"","background-media":"","overlay-type":"","overlay-color":"","overlay-opacity":"","overlay-gradient":""},"mobile":{"background-color":"","background-image":"","background-repeat":"repeat","background-position":"center center","background-size":"auto","background-attachment":"scroll","background-type":"","background-media":"","overlay-type":"","overlay-color":"","overlay-opacity":"","overlay-gradient":""}},"ast-content-background-meta":{"desktop":{"background-color":"var(--ast-global-color-5)","background-image":"","background-repeat":"repeat","background-position":"center center","background-size":"auto","background-attachment":"scroll","background-type":"","background-media":"","overlay-type":"","overlay-color":"","overlay-opacity":"","overlay-gradient":""},"tablet":{"background-color":"var(--ast-global-color-5)","background-image":"","background-repeat":"repeat","background-position":"center center","background-size":"auto","background-attachment":"scroll","background-type":"","background-media":"","overlay-type":"","overlay-color":"","overlay-opacity":"","overlay-gradient":""},"mobile":{"background-color":"var(--ast-global-color-5)","background-image":"","background-repeat":"repeat","background-position":"center center","background-size":"auto","background-attachment":"scroll","background-type":"","background-media":"","overlay-type":"","overlay-color":"","overlay-opacity":"","overlay-gradient":""}},"footnotes":""},"yoast_head":"<!-- This site is optimized with the Yoast SEO plugin v24.5 - https:\/\/yoast.com\/wordpress\/plugins\/seo\/ -->\n<title>SODELUJVA - Rebeka Mari\u010d<\/title>\n<meta name=\"robots\" content=\"index, follow, max-snippet:-1, max-image-preview:large, max-video-preview:-1\" \/>\n<link rel=\"canonical\" href=\"https:\/\/rebekamaric.com\/en\/storitve\/\" \/>\n<meta property=\"og:locale\" content=\"en_US\" \/>\n<meta property=\"og:type\" content=\"article\" \/>\n<meta property=\"og:title\" content=\"SODELUJVA - Rebeka Mari\u010d\" \/>\n<meta property=\"og:description\" content=\"The Leading Brands Circle 6-MESE\u010cNI MENTORSKI PROGRAM ZA \u017dENSKE, KI \u017dELIJO SVOJ POSEL NADGRADITI V 5-ZVEZDI\u010cNO IZKU\u0160NJO. Z JASNO VIZIJO, IZPILJENIMI PONUDBAMI IN BRAND-OM, KI STRANKAM OSTANE V SPOMINU. Preberi ve\u010d Vsebina, ki pritegne stranke SPLETNA DELAVNICA ZA MENTORICE, COACHINJE IN USTVARJALKE SPLETNIH TE\u010cAJEV, KI \u017dELIJO, DA NJIHOVE STRANKE RE\u010cEJO: &#8220;TO\u010cNO TO POTREBUJEM&#8221; Preberi ve\u010d [&hellip;]\" \/>\n<meta property=\"og:url\" content=\"https:\/\/rebekamaric.com\/en\/storitve\/\" \/>\n<meta property=\"og:site_name\" content=\"Rebeka Mari\u010d\" \/>\n<meta property=\"article:publisher\" content=\"https:\/\/www.facebook.com\/rebeka.maric\" \/>\n<meta property=\"article:modified_time\" content=\"2025-09-29T11:34:01+00:00\" \/>\n<meta property=\"og:image\" content=\"https:\/\/rebekamaric.com\/wp-content\/uploads\/the-europe-hotel-resort.jpg\" \/>\n\t<meta property=\"og:image:width\" content=\"900\" \/>\n\t<meta property=\"og:image:height\" content=\"500\" \/>\n\t<meta property=\"og:image:type\" content=\"image\/jpeg\" \/>\n<meta name=\"twitter:card\" content=\"summary_large_image\" \/>\n<meta name=\"twitter:label1\" content=\"Est. reading time\" \/>\n\t<meta name=\"twitter:data1\" content=\"2 minutes\" \/>\n<script type=\"application\/ld+json\" class=\"yoast-schema-graph\">{\"@context\":\"https:\/\/schema.org\",\"@graph\":[{\"@type\":\"WebPage\",\"@id\":\"https:\/\/rebekamaric.com\/storitve\/\",\"url\":\"https:\/\/rebekamaric.com\/storitve\/\",\"name\":\"SODELUJVA - Rebeka Mari\u010d\",\"isPartOf\":{\"@id\":\"https:\/\/rebekamaric.com\/#website\"},\"primaryImageOfPage\":{\"@id\":\"https:\/\/rebekamaric.com\/storitve\/#primaryimage\"},\"image\":{\"@id\":\"https:\/\/rebekamaric.com\/storitve\/#primaryimage\"},\"thumbnailUrl\":\"https:\/\/rebekamaric.com\/wp-content\/uploads\/the-europe-hotel-resort.jpg\",\"datePublished\":\"2023-02-23T17:51:14+00:00\",\"dateModified\":\"2025-09-29T11:34:01+00:00\",\"breadcrumb\":{\"@id\":\"https:\/\/rebekamaric.com\/storitve\/#breadcrumb\"},\"inLanguage\":\"en-US\",\"potentialAction\":[{\"@type\":\"ReadAction\",\"target\":[\"https:\/\/rebekamaric.com\/storitve\/\"]}]},{\"@type\":\"ImageObject\",\"inLanguage\":\"en-US\",\"@id\":\"https:\/\/rebekamaric.com\/storitve\/#primaryimage\",\"url\":\"https:\/\/rebekamaric.com\/wp-content\/uploads\/the-europe-hotel-resort.jpg\",\"contentUrl\":\"https:\/\/rebekamaric.com\/wp-content\/uploads\/the-europe-hotel-resort.jpg\"},{\"@type\":\"BreadcrumbList\",\"@id\":\"https:\/\/rebekamaric.com\/storitve\/#breadcrumb\",\"itemListElement\":[{\"@type\":\"ListItem\",\"position\":1,\"name\":\"Home\",\"item\":\"https:\/\/rebekamaric.com\/\"},{\"@type\":\"ListItem\",\"position\":2,\"name\":\"SODELUJVA\"}]},{\"@type\":\"WebSite\",\"@id\":\"https:\/\/rebekamaric.com\/#website\",\"url\":\"https:\/\/rebekamaric.com\/\",\"name\":\"Karierna Mama\",\"description\":\"\u017denskam z online poslom pomagam oblikovati jasno ponudbo, mo\u010dno sporo\u010dilo in prepoznaven brand, ki koncno prodaja.\",\"publisher\":{\"@id\":\"https:\/\/rebekamaric.com\/#organization\"},\"potentialAction\":[{\"@type\":\"SearchAction\",\"target\":{\"@type\":\"EntryPoint\",\"urlTemplate\":\"https:\/\/rebekamaric.com\/?s={search_term_string}\"},\"query-input\":{\"@type\":\"PropertyValueSpecification\",\"valueRequired\":true,\"valueName\":\"search_term_string\"}}],\"inLanguage\":\"en-US\"},{\"@type\":\"Organization\",\"@id\":\"https:\/\/rebekamaric.com\/#organization\",\"name\":\"Karierna Mama\",\"url\":\"https:\/\/rebekamaric.com\/\",\"logo\":{\"@type\":\"ImageObject\",\"inLanguage\":\"en-US\",\"@id\":\"https:\/\/rebekamaric.com\/#\/schema\/logo\/image\/\",\"url\":\"https:\/\/rebekamaric.com\/wp-content\/uploads\/karierna-mama_logo-06.webp\",\"contentUrl\":\"https:\/\/rebekamaric.com\/wp-content\/uploads\/karierna-mama_logo-06.webp\",\"width\":320,\"height\":168,\"caption\":\"Karierna Mama\"},\"image\":{\"@id\":\"https:\/\/rebekamaric.com\/#\/schema\/logo\/image\/\"},\"sameAs\":[\"https:\/\/www.facebook.com\/rebeka.maric\",\"https:\/\/www.instagram.com\/rebeka_maric\/\"]}]}<\/script>\n<!-- \/ Yoast SEO plugin. -->","yoast_head_json":{"title":"SODELUJVA - Rebeka Mari\u010d","robots":{"index":"index","follow":"follow","max-snippet":"max-snippet:-1","max-image-preview":"max-image-preview:large","max-video-preview":"max-video-preview:-1"},"canonical":"https:\/\/rebekamaric.com\/en\/storitve\/","og_locale":"en_US","og_type":"article","og_title":"SODELUJVA - Rebeka Mari\u010d","og_description":"The Leading Brands Circle 6-MESE\u010cNI MENTORSKI PROGRAM ZA \u017dENSKE, KI \u017dELIJO SVOJ POSEL NADGRADITI V 5-ZVEZDI\u010cNO IZKU\u0160NJO. Z JASNO VIZIJO, IZPILJENIMI PONUDBAMI IN BRAND-OM, KI STRANKAM OSTANE V SPOMINU. Preberi ve\u010d Vsebina, ki pritegne stranke SPLETNA DELAVNICA ZA MENTORICE, COACHINJE IN USTVARJALKE SPLETNIH TE\u010cAJEV, KI \u017dELIJO, DA NJIHOVE STRANKE RE\u010cEJO: &#8220;TO\u010cNO TO POTREBUJEM&#8221; Preberi ve\u010d [&hellip;]","og_url":"https:\/\/rebekamaric.com\/en\/storitve\/","og_site_name":"Rebeka Mari\u010d","article_publisher":"https:\/\/www.facebook.com\/rebeka.maric","article_modified_time":"2025-09-29T11:34:01+00:00","og_image":[{"width":900,"height":500,"url":"https:\/\/rebekamaric.com\/wp-content\/uploads\/the-europe-hotel-resort.jpg","type":"image\/jpeg"}],"twitter_card":"summary_large_image","twitter_misc":{"Est. reading time":"2 minutes"},"schema":{"@context":"https:\/\/schema.org","@graph":[{"@type":"WebPage","@id":"https:\/\/rebekamaric.com\/storitve\/","url":"https:\/\/rebekamaric.com\/storitve\/","name":"SODELUJVA - Rebeka Mari\u010d","isPartOf":{"@id":"https:\/\/rebekamaric.com\/#website"},"primaryImageOfPage":{"@id":"https:\/\/rebekamaric.com\/storitve\/#primaryimage"},"image":{"@id":"https:\/\/rebekamaric.com\/storitve\/#primaryimage"},"thumbnailUrl":"https:\/\/rebekamaric.com\/wp-content\/uploads\/the-europe-hotel-resort.jpg","datePublished":"2023-02-23T17:51:14+00:00","dateModified":"2025-09-29T11:34:01+00:00","breadcrumb":{"@id":"https:\/\/rebekamaric.com\/storitve\/#breadcrumb"},"inLanguage":"en-US","potentialAction":[{"@type":"ReadAction","target":["https:\/\/rebekamaric.com\/storitve\/"]}]},{"@type":"ImageObject","inLanguage":"en-US","@id":"https:\/\/rebekamaric.com\/storitve\/#primaryimage","url":"https:\/\/rebekamaric.com\/wp-content\/uploads\/the-europe-hotel-resort.jpg","contentUrl":"https:\/\/rebekamaric.com\/wp-content\/uploads\/the-europe-hotel-resort.jpg"},{"@type":"BreadcrumbList","@id":"https:\/\/rebekamaric.com\/storitve\/#breadcrumb","itemListElement":[{"@type":"ListItem","position":1,"name":"Home","item":"https:\/\/rebekamaric.com\/"},{"@type":"ListItem","position":2,"name":"SODELUJVA"}]},{"@type":"WebSite","@id":"https:\/\/rebekamaric.com\/#website","url":"https:\/\/rebekamaric.com\/","name":"Karierna Mama","description":"\u017denskam z online poslom pomagam oblikovati jasno ponudbo, mo\u010dno sporo\u010dilo in prepoznaven brand, ki koncno prodaja.","publisher":{"@id":"https:\/\/rebekamaric.com\/#organization"},"potentialAction":[{"@type":"SearchAction","target":{"@type":"EntryPoint","urlTemplate":"https:\/\/rebekamaric.com\/?s={search_term_string}"},"query-input":{"@type":"PropertyValueSpecification","valueRequired":true,"valueName":"search_term_string"}}],"inLanguage":"en-US"},{"@type":"Organization","@id":"https:\/\/rebekamaric.com\/#organization","name":"Karierna Mama","url":"https:\/\/rebekamaric.com\/","logo":{"@type":"ImageObject","inLanguage":"en-US","@id":"https:\/\/rebekamaric.com\/#\/schema\/logo\/image\/","url":"https:\/\/rebekamaric.com\/wp-content\/uploads\/karierna-mama_logo-06.webp","contentUrl":"https:\/\/rebekamaric.com\/wp-content\/uploads\/karierna-mama_logo-06.webp","width":320,"height":168,"caption":"Karierna Mama"},"image":{"@id":"https:\/\/rebekamaric.com\/#\/schema\/logo\/image\/"},"sameAs":["https:\/\/www.facebook.com\/rebeka.maric","https:\/\/www.instagram.com\/rebeka_maric\/"]}]}},"_links":{"self":[{"href":"https:\/\/rebekamaric.com\/en\/wp-json\/wp\/v2\/pages\/15"}],"collection":[{"href":"https:\/\/rebekamaric.com\/en\/wp-json\/wp\/v2\/pages"}],"about":[{"href":"https:\/\/rebekamaric.com\/en\/wp-json\/wp\/v2\/types\/page"}],"author":[{"embeddable":true,"href":"https:\/\/rebekamaric.com\/en\/wp-json\/wp\/v2\/users\/1"}],"replies":[{"embeddable":true,"href":"https:\/\/rebekamaric.com\/en\/wp-json\/wp\/v2\/comments?post=15"}],"version-history":[{"count":0,"href":"https:\/\/rebekamaric.com\/en\/wp-json\/wp\/v2\/pages\/15\/revisions"}],"wp:attachment":[{"href":"https:\/\/rebekamaric.com\/en\/wp-json\/wp\/v2\/media?parent=15"}],"curies":[{"name":"wp","href":"https:\/\/api.w.org\/{rel}","templated":true}]}}